{"id":2575,"date":"2022-04-26T10:03:05","date_gmt":"2022-04-26T08:03:05","guid":{"rendered":"https:\/\/nakomiady.pl\/palac\/kontakt\/"},"modified":"2022-05-29T20:40:14","modified_gmt":"2022-05-29T18:40:14","slug":"kontakt","status":"publish","type":"page","link":"https:\/\/nakomiady.pl\/de\/schloss-heim\/kontakt\/","title":{"rendered":"Kontakt"},"content":{"rendered":"\n<div class=\"wpcf7 no-js\" id=\"wpcf7-f3833-o1\" lang=\"pl-PL\" dir=\"ltr\" data-wpcf7-id=\"3833\">\n<div class=\"screen-reader-response\"><p role=\"status\" aria-live=\"polite\" aria-atomic=\"true\"><\/p> <ul><\/ul><\/div>\n<form action=\"\/de\/wp-json\/wp\/v2\/pages\/2575#wpcf7-f3833-o1\" method=\"post\" class=\"wpcf7-form init\" aria-label=\"Formularz kontaktowy\" novalidate=\"novalidate\" data-status=\"init\">\n<fieldset class=\"hidden-fields-container\"><input type=\"hidden\" name=\"_wpcf7\" value=\"3833\" \/><input type=\"hidden\" name=\"_wpcf7_version\" value=\"6.1.5\" \/><input type=\"hidden\" name=\"_wpcf7_locale\" value=\"pl_PL\" \/><input type=\"hidden\" name=\"_wpcf7_unit_tag\" value=\"wpcf7-f3833-o1\" \/><input type=\"hidden\" name=\"_wpcf7_container_post\" value=\"0\" \/><input type=\"hidden\" name=\"_wpcf7_posted_data_hash\" value=\"\" \/>\n<\/fieldset>\n<div class =\"contact-form\">\n\t<div class =\"contact-form__half\">\n\t\t<p><span class=\"wpcf7-form-control-wrap\" data-name=\"contact-form__sender\"><input size=\"40\" maxlength=\"400\" class=\"wpcf7-form-control wpcf7-text wpcf7-validates-as-required\" aria-required=\"true\" aria-invalid=\"false\" placeholder=\"Vorname und Nachname\" value=\"\" type=\"text\" name=\"contact-form__sender\" \/><\/span>\n\t\t<\/p>\n\t<\/div>\n\t<div class = \"contact-form__half\">\n\t\t<p><span class=\"wpcf7-form-control-wrap\" data-name=\"contact-form__email\"><input size=\"40\" maxlength=\"400\" class=\"wpcf7-form-control wpcf7-email wpcf7-validates-as-required wpcf7-text wpcf7-validates-as-email\" aria-required=\"true\" aria-invalid=\"false\" placeholder=\"Email\" value=\"\" type=\"email\" name=\"contact-form__email\" \/><\/span>\n\t\t<\/p>\n\t<\/div>\n\t<div class = \"contact-form__full\">\n\t\t<p><span class=\"wpcf7-form-control-wrap\" data-name=\"contact-form__text\"><textarea cols=\"40\" rows=\"10\" maxlength=\"2000\" class=\"wpcf7-form-control wpcf7-textarea wpcf7-validates-as-required\" aria-required=\"true\" aria-invalid=\"false\" placeholder=\"Nachricht\" name=\"contact-form__text\"><\/textarea><\/span>\n\t\t<\/p>\n\t<\/div>\n\t<p><span class=\"wpcf7-form-control-wrap\" data-name=\"acceptance-582\"><span class=\"wpcf7-form-control wpcf7-acceptance\"><span class=\"wpcf7-list-item\"><label><input type=\"checkbox\" name=\"acceptance-582\" value=\"1\" aria-invalid=\"false\" \/><span class=\"wpcf7-list-item-label\">Ich stimme der Verarbeitung meiner personenbezogenen Daten durch Pa\u0142ac Nakomiady (Administrator) zu, um eine Antwort zu geben, einschlie\u00dflich der Abgabe eines Angebots, wenn ich darum bitte. Meine personenbezogenen Daten werden bis zum Widerruf der Einwilligung oder f\u00fcr den Zeitraum verarbeitet, der zur Feststellung, Untersuchung oder Abwehr von Anspr\u00fcchen erforderlich ist. Ich habe das Recht auf Auskunft, Berichtigung, L\u00f6schung oder Einschr\u00e4nkung der Verarbeitung, das Recht auf Widerspruch, das Recht auf Beschwerde bei der Aufsichtsbeh\u00f6rde und das Recht auf Daten\u00fcbertragbarkeit. Meine Daten werden nur zum Zwecke der Bearbeitung des Benachrichtigungsprozesses und der Bearbeitung der Anfrage an Empf\u00e4nger weitergegeben, mit denen der Administrator zusammenarbeitet.<\/span><\/label><\/span><\/span><\/span>\n\t<\/p>\n\t<div class =\"contact-form__btn-container\">\n\t\t<p><input class=\"wpcf7-form-control wpcf7-submit has-spinner\" type=\"submit\" value=\"Senden\" \/>\n\t\t<\/p>\n\t<\/div>\n<\/div><div class=\"wpcf7-response-output\" aria-hidden=\"true\"><\/div>\n<\/form>\n<\/div>\n\n","protected":false},"excerpt":{"rendered":"","protected":false},"author":1,"featured_media":0,"parent":2551,"menu_order":12,"comment_status":"closed","ping_status":"closed","template":"template-kontakt.php","meta":{"_acf_changed":false,"footnotes":""},"class_list":["post-2575","page","type-page","status-publish","hentry"],"acf":[],"yoast_head":"<!-- This site is optimized with the Yoast SEO plugin v27.4 - https:\/\/yoast.com\/product\/yoast-seo-wordpress\/ -->\n<title>Kontakt - Nakomiady<\/title>\n<meta name=\"robots\" content=\"index, follow, max-snippet:-1, max-image-preview:large, max-video-preview:-1\" \/>\n<link rel=\"canonical\" href=\"https:\/\/nakomiady.pl\/de\/schloss-heim\/kontakt\/\" \/>\n<meta property=\"og:locale\" content=\"de_DE\" \/>\n<meta property=\"og:type\" content=\"article\" \/>\n<meta property=\"og:title\" content=\"Kontakt - Nakomiady\" \/>\n<meta property=\"og:url\" content=\"https:\/\/nakomiady.pl\/de\/schloss-heim\/kontakt\/\" \/>\n<meta property=\"og:site_name\" content=\"Nakomiady\" \/>\n<meta property=\"article:modified_time\" content=\"2022-05-29T18:40:14+00:00\" \/>\n<meta name=\"twitter:card\" content=\"summary_large_image\" \/>\n<meta name=\"twitter:label1\" content=\"Gesch\u00e4tzte Lesezeit\" \/>\n\t<meta name=\"twitter:data1\" content=\"1\u00a0Minute\" \/>\n<script type=\"application\/ld+json\" class=\"yoast-schema-graph\">{\"@context\":\"https:\\\/\\\/schema.org\",\"@graph\":[{\"@type\":\"WebPage\",\"@id\":\"https:\\\/\\\/nakomiady.pl\\\/de\\\/schloss-heim\\\/kontakt\\\/\",\"url\":\"https:\\\/\\\/nakomiady.pl\\\/de\\\/schloss-heim\\\/kontakt\\\/\",\"name\":\"Kontakt - Nakomiady\",\"isPartOf\":{\"@id\":\"https:\\\/\\\/nakomiady.pl\\\/de\\\/#website\"},\"datePublished\":\"2022-04-26T08:03:05+00:00\",\"dateModified\":\"2022-05-29T18:40:14+00:00\",\"breadcrumb\":{\"@id\":\"https:\\\/\\\/nakomiady.pl\\\/de\\\/schloss-heim\\\/kontakt\\\/#breadcrumb\"},\"inLanguage\":\"de\",\"potentialAction\":[{\"@type\":\"ReadAction\",\"target\":[\"https:\\\/\\\/nakomiady.pl\\\/de\\\/schloss-heim\\\/kontakt\\\/\"]}]},{\"@type\":\"BreadcrumbList\",\"@id\":\"https:\\\/\\\/nakomiady.pl\\\/de\\\/schloss-heim\\\/kontakt\\\/#breadcrumb\",\"itemListElement\":[{\"@type\":\"ListItem\",\"position\":1,\"name\":\"Home\",\"item\":\"https:\\\/\\\/nakomiady.pl\\\/de\\\/\"},{\"@type\":\"ListItem\",\"position\":2,\"name\":\"Schloss &#8211; Heim\",\"item\":\"https:\\\/\\\/nakomiady.pl\\\/de\\\/schloss-heim\\\/\"},{\"@type\":\"ListItem\",\"position\":3,\"name\":\"Kontakt\"}]},{\"@type\":\"WebSite\",\"@id\":\"https:\\\/\\\/nakomiady.pl\\\/de\\\/#website\",\"url\":\"https:\\\/\\\/nakomiady.pl\\\/de\\\/\",\"name\":\"Nakomiady\",\"description\":\"Kolejna witryna oparta na WordPressie\",\"potentialAction\":[{\"@type\":\"SearchAction\",\"target\":{\"@type\":\"EntryPoint\",\"urlTemplate\":\"https:\\\/\\\/nakomiady.pl\\\/de\\\/?s={search_term_string}\"},\"query-input\":{\"@type\":\"PropertyValueSpecification\",\"valueRequired\":true,\"valueName\":\"search_term_string\"}}],\"inLanguage\":\"de\"}]}<\/script>\n<!-- \/ Yoast SEO plugin. -->","yoast_head_json":{"title":"Kontakt - Nakomiady","robots":{"index":"index","follow":"follow","max-snippet":"max-snippet:-1","max-image-preview":"max-image-preview:large","max-video-preview":"max-video-preview:-1"},"canonical":"https:\/\/nakomiady.pl\/de\/schloss-heim\/kontakt\/","og_locale":"de_DE","og_type":"article","og_title":"Kontakt - Nakomiady","og_url":"https:\/\/nakomiady.pl\/de\/schloss-heim\/kontakt\/","og_site_name":"Nakomiady","article_modified_time":"2022-05-29T18:40:14+00:00","twitter_card":"summary_large_image","twitter_misc":{"Gesch\u00e4tzte Lesezeit":"1\u00a0Minute"},"schema":{"@context":"https:\/\/schema.org","@graph":[{"@type":"WebPage","@id":"https:\/\/nakomiady.pl\/de\/schloss-heim\/kontakt\/","url":"https:\/\/nakomiady.pl\/de\/schloss-heim\/kontakt\/","name":"Kontakt - Nakomiady","isPartOf":{"@id":"https:\/\/nakomiady.pl\/de\/#website"},"datePublished":"2022-04-26T08:03:05+00:00","dateModified":"2022-05-29T18:40:14+00:00","breadcrumb":{"@id":"https:\/\/nakomiady.pl\/de\/schloss-heim\/kontakt\/#breadcrumb"},"inLanguage":"de","potentialAction":[{"@type":"ReadAction","target":["https:\/\/nakomiady.pl\/de\/schloss-heim\/kontakt\/"]}]},{"@type":"BreadcrumbList","@id":"https:\/\/nakomiady.pl\/de\/schloss-heim\/kontakt\/#breadcrumb","itemListElement":[{"@type":"ListItem","position":1,"name":"Home","item":"https:\/\/nakomiady.pl\/de\/"},{"@type":"ListItem","position":2,"name":"Schloss &#8211; Heim","item":"https:\/\/nakomiady.pl\/de\/schloss-heim\/"},{"@type":"ListItem","position":3,"name":"Kontakt"}]},{"@type":"WebSite","@id":"https:\/\/nakomiady.pl\/de\/#website","url":"https:\/\/nakomiady.pl\/de\/","name":"Nakomiady","description":"Kolejna witryna oparta na WordPressie","potentialAction":[{"@type":"SearchAction","target":{"@type":"EntryPoint","urlTemplate":"https:\/\/nakomiady.pl\/de\/?s={search_term_string}"},"query-input":{"@type":"PropertyValueSpecification","valueRequired":true,"valueName":"search_term_string"}}],"inLanguage":"de"}]}},"_links":{"self":[{"href":"https:\/\/nakomiady.pl\/de\/wp-json\/wp\/v2\/pages\/2575","targetHints":{"allow":["GET"]}}],"collection":[{"href":"https:\/\/nakomiady.pl\/de\/wp-json\/wp\/v2\/pages"}],"about":[{"href":"https:\/\/nakomiady.pl\/de\/wp-json\/wp\/v2\/types\/page"}],"author":[{"embeddable":true,"href":"https:\/\/nakomiady.pl\/de\/wp-json\/wp\/v2\/users\/1"}],"replies":[{"embeddable":true,"href":"https:\/\/nakomiady.pl\/de\/wp-json\/wp\/v2\/comments?post=2575"}],"version-history":[{"count":2,"href":"https:\/\/nakomiady.pl\/de\/wp-json\/wp\/v2\/pages\/2575\/revisions"}],"predecessor-version":[{"id":3858,"href":"https:\/\/nakomiady.pl\/de\/wp-json\/wp\/v2\/pages\/2575\/revisions\/3858"}],"up":[{"embeddable":true,"href":"https:\/\/nakomiady.pl\/de\/wp-json\/wp\/v2\/pages\/2551"}],"wp:attachment":[{"href":"https:\/\/nakomiady.pl\/de\/wp-json\/wp\/v2\/media?parent=2575"}],"curies":[{"name":"wp","href":"https:\/\/api.w.org\/{rel}","templated":true}]}}