{"id":2637,"date":"2022-04-25T16:41:07","date_gmt":"2022-04-25T14:41:07","guid":{"rendered":"https:\/\/nakomiady.pl\/palac\/okolica\/okolica-z-lotu-ptaka\/"},"modified":"2022-05-25T11:14:17","modified_gmt":"2022-05-25T09:14:17","slug":"birds-eye-view","status":"publish","type":"page","link":"https:\/\/nakomiady.pl\/en\/palace-home\/vicinity\/birds-eye-view\/","title":{"rendered":"Bird\u2019s eye view"},"content":{"rendered":"<p>Okolice Nakomiad\u00f3w z lotu ptaka daj\u0105 niepowtarzalne wra\u017cenia, dlatego warto wybra\u0107 si\u0119 na wycieczk\u0119 powietrzn\u0105. \u00a0Na szcz\u0119\u015bcie lotnisko mamy w s\u0105siedztwie, tj. 6 km od pa\u0142acu (dawne lotnisko obs\u0142uguj\u0105ce Wilczy Szaniec).<\/p>\n<div id=\"ngg-gallery-41-758\" class=\"ngg-galleryoverview\">\n<div id=\"ngg-image-423\" class=\"ngg-gallery-thumbnail-box\">\n<div class=\"ngg-gallery-thumbnail\"><\/div>\n<\/div>\n<\/div>\n","protected":false},"excerpt":{"rendered":"<p>Okolice Nakomiad\u00f3w z lotu ptaka daj\u0105 niepowtarzalne wra\u017cenia, dlatego warto wybra\u0107 si\u0119 na wycieczk\u0119 powietrzn\u0105. \u00a0Na szcz\u0119\u015bcie lotnisko mamy w s\u0105siedztwie, tj. 6 km od pa\u0142acu (dawne lotnisko obs\u0142uguj\u0105ce Wilczy [&hellip;]<\/p>\n","protected":false},"author":1,"featured_media":0,"parent":2625,"menu_order":32,"comment_status":"closed","ping_status":"closed","template":"template-oferta-palac.php","meta":{"_acf_changed":false,"footnotes":""},"class_list":["post-2637","page","type-page","status-publish","hentry"],"acf":[],"yoast_head":"<!-- This site is optimized with the Yoast SEO plugin v27.4 - https:\/\/yoast.com\/product\/yoast-seo-wordpress\/ -->\n<title>Bird\u2019s eye view - Nakomiady<\/title>\n<meta name=\"robots\" content=\"index, follow, max-snippet:-1, max-image-preview:large, max-video-preview:-1\" \/>\n<link rel=\"canonical\" href=\"https:\/\/nakomiady.pl\/en\/palace-home\/vicinity\/birds-eye-view\/\" \/>\n<meta property=\"og:locale\" content=\"en_US\" \/>\n<meta property=\"og:type\" content=\"article\" \/>\n<meta property=\"og:title\" content=\"Bird\u2019s eye view - Nakomiady\" \/>\n<meta property=\"og:description\" content=\"Okolice Nakomiad\u00f3w z lotu ptaka daj\u0105 niepowtarzalne wra\u017cenia, dlatego warto wybra\u0107 si\u0119 na wycieczk\u0119 powietrzn\u0105. \u00a0Na szcz\u0119\u015bcie lotnisko mamy w s\u0105siedztwie, tj. 6 km od pa\u0142acu (dawne lotnisko obs\u0142uguj\u0105ce Wilczy [&hellip;]\" \/>\n<meta property=\"og:url\" content=\"https:\/\/nakomiady.pl\/en\/palace-home\/vicinity\/birds-eye-view\/\" \/>\n<meta property=\"og:site_name\" content=\"Nakomiady\" \/>\n<meta property=\"article:modified_time\" content=\"2022-05-25T09:14:17+00:00\" \/>\n<meta name=\"twitter:card\" content=\"summary_large_image\" \/>\n<script type=\"application\/ld+json\" class=\"yoast-schema-graph\">{\"@context\":\"https:\\\/\\\/schema.org\",\"@graph\":[{\"@type\":\"WebPage\",\"@id\":\"https:\\\/\\\/nakomiady.pl\\\/en\\\/palace-home\\\/vicinity\\\/birds-eye-view\\\/\",\"url\":\"https:\\\/\\\/nakomiady.pl\\\/en\\\/palace-home\\\/vicinity\\\/birds-eye-view\\\/\",\"name\":\"Bird\u2019s eye view - Nakomiady\",\"isPartOf\":{\"@id\":\"https:\\\/\\\/nakomiady.pl\\\/en\\\/#website\"},\"datePublished\":\"2022-04-25T14:41:07+00:00\",\"dateModified\":\"2022-05-25T09:14:17+00:00\",\"breadcrumb\":{\"@id\":\"https:\\\/\\\/nakomiady.pl\\\/en\\\/palace-home\\\/vicinity\\\/birds-eye-view\\\/#breadcrumb\"},\"inLanguage\":\"en-US\",\"potentialAction\":[{\"@type\":\"ReadAction\",\"target\":[\"https:\\\/\\\/nakomiady.pl\\\/en\\\/palace-home\\\/vicinity\\\/birds-eye-view\\\/\"]}]},{\"@type\":\"BreadcrumbList\",\"@id\":\"https:\\\/\\\/nakomiady.pl\\\/en\\\/palace-home\\\/vicinity\\\/birds-eye-view\\\/#breadcrumb\",\"itemListElement\":[{\"@type\":\"ListItem\",\"position\":1,\"name\":\"Home\",\"item\":\"https:\\\/\\\/nakomiady.pl\\\/en\\\/\"},{\"@type\":\"ListItem\",\"position\":2,\"name\":\"Palace &#8211; Home\",\"item\":\"https:\\\/\\\/nakomiady.pl\\\/en\\\/palace-home\\\/\"},{\"@type\":\"ListItem\",\"position\":3,\"name\":\"Vicinity\",\"item\":\"https:\\\/\\\/nakomiady.pl\\\/en\\\/palac\\\/okolica\\\/\"},{\"@type\":\"ListItem\",\"position\":4,\"name\":\"Bird\u2019s eye view\"}]},{\"@type\":\"WebSite\",\"@id\":\"https:\\\/\\\/nakomiady.pl\\\/en\\\/#website\",\"url\":\"https:\\\/\\\/nakomiady.pl\\\/en\\\/\",\"name\":\"Nakomiady\",\"description\":\"Kolejna witryna oparta na WordPressie\",\"potentialAction\":[{\"@type\":\"SearchAction\",\"target\":{\"@type\":\"EntryPoint\",\"urlTemplate\":\"https:\\\/\\\/nakomiady.pl\\\/en\\\/?s={search_term_string}\"},\"query-input\":{\"@type\":\"PropertyValueSpecification\",\"valueRequired\":true,\"valueName\":\"search_term_string\"}}],\"inLanguage\":\"en-US\"}]}<\/script>\n<!-- \/ Yoast SEO plugin. -->","yoast_head_json":{"title":"Bird\u2019s eye view - Nakomiady","robots":{"index":"index","follow":"follow","max-snippet":"max-snippet:-1","max-image-preview":"max-image-preview:large","max-video-preview":"max-video-preview:-1"},"canonical":"https:\/\/nakomiady.pl\/en\/palace-home\/vicinity\/birds-eye-view\/","og_locale":"en_US","og_type":"article","og_title":"Bird\u2019s eye view - Nakomiady","og_description":"Okolice Nakomiad\u00f3w z lotu ptaka daj\u0105 niepowtarzalne wra\u017cenia, dlatego warto wybra\u0107 si\u0119 na wycieczk\u0119 powietrzn\u0105. \u00a0Na szcz\u0119\u015bcie lotnisko mamy w s\u0105siedztwie, tj. 6 km od pa\u0142acu (dawne lotnisko obs\u0142uguj\u0105ce Wilczy [&hellip;]","og_url":"https:\/\/nakomiady.pl\/en\/palace-home\/vicinity\/birds-eye-view\/","og_site_name":"Nakomiady","article_modified_time":"2022-05-25T09:14:17+00:00","twitter_card":"summary_large_image","schema":{"@context":"https:\/\/schema.org","@graph":[{"@type":"WebPage","@id":"https:\/\/nakomiady.pl\/en\/palace-home\/vicinity\/birds-eye-view\/","url":"https:\/\/nakomiady.pl\/en\/palace-home\/vicinity\/birds-eye-view\/","name":"Bird\u2019s eye view - Nakomiady","isPartOf":{"@id":"https:\/\/nakomiady.pl\/en\/#website"},"datePublished":"2022-04-25T14:41:07+00:00","dateModified":"2022-05-25T09:14:17+00:00","breadcrumb":{"@id":"https:\/\/nakomiady.pl\/en\/palace-home\/vicinity\/birds-eye-view\/#breadcrumb"},"inLanguage":"en-US","potentialAction":[{"@type":"ReadAction","target":["https:\/\/nakomiady.pl\/en\/palace-home\/vicinity\/birds-eye-view\/"]}]},{"@type":"BreadcrumbList","@id":"https:\/\/nakomiady.pl\/en\/palace-home\/vicinity\/birds-eye-view\/#breadcrumb","itemListElement":[{"@type":"ListItem","position":1,"name":"Home","item":"https:\/\/nakomiady.pl\/en\/"},{"@type":"ListItem","position":2,"name":"Palace &#8211; Home","item":"https:\/\/nakomiady.pl\/en\/palace-home\/"},{"@type":"ListItem","position":3,"name":"Vicinity","item":"https:\/\/nakomiady.pl\/en\/palac\/okolica\/"},{"@type":"ListItem","position":4,"name":"Bird\u2019s eye view"}]},{"@type":"WebSite","@id":"https:\/\/nakomiady.pl\/en\/#website","url":"https:\/\/nakomiady.pl\/en\/","name":"Nakomiady","description":"Kolejna witryna oparta na WordPressie","potentialAction":[{"@type":"SearchAction","target":{"@type":"EntryPoint","urlTemplate":"https:\/\/nakomiady.pl\/en\/?s={search_term_string}"},"query-input":{"@type":"PropertyValueSpecification","valueRequired":true,"valueName":"search_term_string"}}],"inLanguage":"en-US"}]}},"_links":{"self":[{"href":"https:\/\/nakomiady.pl\/en\/wp-json\/wp\/v2\/pages\/2637","targetHints":{"allow":["GET"]}}],"collection":[{"href":"https:\/\/nakomiady.pl\/en\/wp-json\/wp\/v2\/pages"}],"about":[{"href":"https:\/\/nakomiady.pl\/en\/wp-json\/wp\/v2\/types\/page"}],"author":[{"embeddable":true,"href":"https:\/\/nakomiady.pl\/en\/wp-json\/wp\/v2\/users\/1"}],"replies":[{"embeddable":true,"href":"https:\/\/nakomiady.pl\/en\/wp-json\/wp\/v2\/comments?post=2637"}],"version-history":[{"count":1,"href":"https:\/\/nakomiady.pl\/en\/wp-json\/wp\/v2\/pages\/2637\/revisions"}],"predecessor-version":[{"id":3457,"href":"https:\/\/nakomiady.pl\/en\/wp-json\/wp\/v2\/pages\/2637\/revisions\/3457"}],"up":[{"embeddable":true,"href":"https:\/\/nakomiady.pl\/en\/wp-json\/wp\/v2\/pages\/2625"}],"wp:attachment":[{"href":"https:\/\/nakomiady.pl\/en\/wp-json\/wp\/v2\/media?parent=2637"}],"curies":[{"name":"wp","href":"https:\/\/api.w.org\/{rel}","templated":true}]}}